{"id":8,"date":"2013-05-10T11:39:33","date_gmt":"2013-05-10T09:39:33","guid":{"rendered":"http:\/\/www.gemeinsam-fuer-kenia.de\/?page_id=8"},"modified":"2020-01-27T13:57:45","modified_gmt":"2020-01-27T11:57:45","slug":"der-verein","status":"publish","type":"page","link":"http:\/\/www.gemeinsam-fuer-kenia.de\/?page_id=8","title":{"rendered":"Der Verein"},"content":{"rendered":"<p style=\"text-align: justify;\"><strong>Historie:<\/strong><br \/>\n<em>&#8222;In Afrika erlebte ich, dass man eine Heimkehr an einen Ort erleben kann, an dem man nie zuvor gewesen ist&#8220;.<\/em><br \/>\nDieser Satz aus &#8222;Die fl\u00fcsternden Seelen&#8220; von Henning Mankell spricht mir aus der Seele.<br \/>\nAls ich im Jahr 2009 Kenia das erste Mal mit meinem Sohn, als Tourist und nicht als Kinderkrankenschwester bereiste, erahnte ich noch nicht, dass mich dieses Land mit seinen zahlreichen Facetten diesmal nicht so schnell loslassen w\u00fcrde. Man kann Afrika nicht einfach besuchen und wieder wegfahren &#8211; man wird vielmehr ein Teil davon und das Land nimmt einen Platz in der eigenen Seele ein -. Ich kann nur Jeden dazu ermutigen, dieses beeindruckende Land zu besuchen, die Sch\u00f6nheit der Natur, die zahlreichen Facetten zu bestaunen, es wird Ihr Leben mit Sicherheit bereichern.<\/p>\n<p style=\"text-align: justify;\"><a href=\"http:\/\/www.gemeinsam-fuer-kenia.de\/wp-content\/uploads\/2013\/05\/IMG_1013.jpg\"><img loading=\"lazy\" decoding=\"async\" class=\"aligncenter size-medium wp-image-1308\" src=\"http:\/\/www.gemeinsam-fuer-kenia.de\/wp-content\/uploads\/2013\/05\/IMG_1013-300x200.jpg\" alt=\"IMG_1013\" width=\"300\" height=\"200\" srcset=\"http:\/\/www.gemeinsam-fuer-kenia.de\/wp-content\/uploads\/2013\/05\/IMG_1013-300x200.jpg 300w, http:\/\/www.gemeinsam-fuer-kenia.de\/wp-content\/uploads\/2013\/05\/IMG_1013-1024x682.jpg 1024w, http:\/\/www.gemeinsam-fuer-kenia.de\/wp-content\/uploads\/2013\/05\/IMG_1013-450x300.jpg 450w\" sizes=\"(max-width: 300px) 100vw, 300px\" \/><\/a><\/p>\n<p style=\"text-align: justify;\">F\u00fcr uns \u00e4nderte sich durch das Kennenlernen eines kleinen kenianischen Jungen\u00a0 alles. Wir wurden neugierig, wollten sehen wie der Junge lebt, wo er zur Schule geht, wie die Welt au\u00dferhalb der Luxushotels aussieht. So kam es, dass unser Urlaub eine ganz andere Wendung nahm. Wir haben das faszinierende Kenia auf einmal mit ganz anderen Augen gesehen und uns wurde bewusst, dass dieses f\u00fcr Touristen so reizvolle Land auch eine andere, weniger &#8222;sonnige&#8220; Seite, hat.<\/p>\n<p style=\"text-align: justify;\"><a href=\"http:\/\/www.gemeinsam-fuer-kenia.de\/wp-content\/uploads\/2013\/05\/IMG_3471-Kopie-2.jpg\"><img loading=\"lazy\" decoding=\"async\" class=\"aligncenter size-medium wp-image-1306\" src=\"http:\/\/www.gemeinsam-fuer-kenia.de\/wp-content\/uploads\/2013\/05\/IMG_3471-Kopie-2-300x240.jpg\" alt=\"IMG_3471 - Kopie (2)\" width=\"300\" height=\"240\" srcset=\"http:\/\/www.gemeinsam-fuer-kenia.de\/wp-content\/uploads\/2013\/05\/IMG_3471-Kopie-2-300x240.jpg 300w, http:\/\/www.gemeinsam-fuer-kenia.de\/wp-content\/uploads\/2013\/05\/IMG_3471-Kopie-2-1024x820.jpg 1024w, http:\/\/www.gemeinsam-fuer-kenia.de\/wp-content\/uploads\/2013\/05\/IMG_3471-Kopie-2-374x300.jpg 374w\" sizes=\"(max-width: 300px) 100vw, 300px\" \/>\u00a0<\/a>\u00a0<a href=\"http:\/\/www.gemeinsam-fuer-kenia.de\/wp-content\/uploads\/2013\/05\/IMG_3469-Kopie-2.jpg\"><img loading=\"lazy\" decoding=\"async\" class=\"aligncenter size-medium wp-image-1305\" src=\"http:\/\/www.gemeinsam-fuer-kenia.de\/wp-content\/uploads\/2013\/05\/IMG_3469-Kopie-2-300x199.jpg\" alt=\"IMG_3469 - Kopie (2)\" width=\"300\" height=\"199\" srcset=\"http:\/\/www.gemeinsam-fuer-kenia.de\/wp-content\/uploads\/2013\/05\/IMG_3469-Kopie-2-300x199.jpg 300w, http:\/\/www.gemeinsam-fuer-kenia.de\/wp-content\/uploads\/2013\/05\/IMG_3469-Kopie-2-1024x681.jpg 1024w, http:\/\/www.gemeinsam-fuer-kenia.de\/wp-content\/uploads\/2013\/05\/IMG_3469-Kopie-2-450x300.jpg 450w\" sizes=\"(max-width: 300px) 100vw, 300px\" \/><\/a><br \/>\nNachdem ich nun viele Male hintereinander Kenia bereist habe, sehe ich zwar noch immer die Sch\u00f6nheit des Landes, aber die Armut vieler Menschen, ihre Lebensumst\u00e4nde und die gro\u00dfen Kinderaugen lassen mich nicht mehr los.<\/p>\n<p style=\"text-align: justify;\"><a href=\"http:\/\/www.gemeinsam-fuer-kenia.de\/wp-content\/uploads\/2013\/05\/k-IMG_3901.jpg\"><img loading=\"lazy\" decoding=\"async\" class=\"aligncenter size-medium wp-image-1320\" src=\"http:\/\/www.gemeinsam-fuer-kenia.de\/wp-content\/uploads\/2013\/05\/k-IMG_3901-300x199.jpg\" alt=\"k-IMG_3901\" width=\"300\" height=\"199\" srcset=\"http:\/\/www.gemeinsam-fuer-kenia.de\/wp-content\/uploads\/2013\/05\/k-IMG_3901-300x199.jpg 300w, http:\/\/www.gemeinsam-fuer-kenia.de\/wp-content\/uploads\/2013\/05\/k-IMG_3901-450x300.jpg 450w, http:\/\/www.gemeinsam-fuer-kenia.de\/wp-content\/uploads\/2013\/05\/k-IMG_3901.jpg 640w\" sizes=\"(max-width: 300px) 100vw, 300px\" \/><\/a><\/p>\n<p style=\"text-align: justify;\"><i>\u201eW\u00e4hrend <\/i><i>unseres Lebens werden wir manchmal mit Situationen konfrontiert, die einen solchen Eindruck hinterlassen, dass wir uns nicht einfach umdrehen und sie ignorieren k\u00f6nnen.&#8220;<\/i><\/p>\n<p style=\"text-align: justify;\">Noch tief beeindruckt von unserer Keniareise habe ich dann 2010 auf einer Versammlung am Stadtgymnasium K\u00f6ln\/Porz von der Schule im &#8222;Busch&#8220; berichtet,\u00a0 unsere Eindr\u00fccke und den Bedarf geschildert. Das Stadtgymnasium K\u00f6ln\/Porz suchte zum damaligen Zeitpunkt ein neues Projekt f\u00fcr die &#8222;Eine Welt Gruppe&#8220;.<\/p>\n<p style=\"text-align: justify;\"><a href=\"http:\/\/www.gemeinsam-fuer-kenia.de\/wp-content\/uploads\/2013\/05\/k-IMG_7516.jpg\"><img loading=\"lazy\" decoding=\"async\" class=\"aligncenter size-medium wp-image-1309\" src=\"http:\/\/www.gemeinsam-fuer-kenia.de\/wp-content\/uploads\/2013\/05\/k-IMG_7516-300x199.jpg\" alt=\"k-IMG_7516\" width=\"300\" height=\"199\" srcset=\"http:\/\/www.gemeinsam-fuer-kenia.de\/wp-content\/uploads\/2013\/05\/k-IMG_7516-300x199.jpg 300w, http:\/\/www.gemeinsam-fuer-kenia.de\/wp-content\/uploads\/2013\/05\/k-IMG_7516-450x300.jpg 450w, http:\/\/www.gemeinsam-fuer-kenia.de\/wp-content\/uploads\/2013\/05\/k-IMG_7516.jpg 640w\" sizes=\"(max-width: 300px) 100vw, 300px\" \/><\/a> <a href=\"http:\/\/www.gemeinsam-fuer-kenia.de\/wp-content\/uploads\/2013\/05\/k-IMG_75291.jpg\"><img loading=\"lazy\" decoding=\"async\" class=\"aligncenter size-medium wp-image-1310\" src=\"http:\/\/www.gemeinsam-fuer-kenia.de\/wp-content\/uploads\/2013\/05\/k-IMG_75291-300x199.jpg\" alt=\"k-IMG_7529\" width=\"300\" height=\"199\" srcset=\"http:\/\/www.gemeinsam-fuer-kenia.de\/wp-content\/uploads\/2013\/05\/k-IMG_75291-300x199.jpg 300w, http:\/\/www.gemeinsam-fuer-kenia.de\/wp-content\/uploads\/2013\/05\/k-IMG_75291-450x300.jpg 450w, http:\/\/www.gemeinsam-fuer-kenia.de\/wp-content\/uploads\/2013\/05\/k-IMG_75291.jpg 640w\" sizes=\"(max-width: 300px) 100vw, 300px\" \/><\/a><\/p>\n<p style=\"text-align: justify;\">Man entschlo\u00df sich, die von uns beschriebene Schule des kleinen Jungen, den mein Sohn kennengelernt hatte, fortan zu unterst\u00fctzen. So kam der Stein ins Rollen.<\/p>\n<p style=\"text-align: justify;\">Sch\u00fcler des Stadtgymnasiums sammeln seit 2011 durch Aktionen wie: Waffelverkauf, Tombolas, Wandern f\u00fcr Ukunda, Fensterverkauf von Schulmaterialien&#8230; Geld, um den Kindern der Habari Njema Hope Academy in Kenia\/Ukunda eine solide Schulbildung unter menschenw\u00fcrdigen Umst\u00e4nden zu erm\u00f6glichen.<\/p>\n<p style=\"text-align: justify;\"><a href=\"http:\/\/www.gemeinsam-fuer-kenia.de\/wp-content\/uploads\/2013\/05\/IMG_1011.jpg\"><img loading=\"lazy\" decoding=\"async\" class=\"aligncenter size-medium wp-image-1318\" src=\"http:\/\/www.gemeinsam-fuer-kenia.de\/wp-content\/uploads\/2013\/05\/IMG_1011-300x200.jpg\" alt=\"IMG_1011\" width=\"300\" height=\"200\" srcset=\"http:\/\/www.gemeinsam-fuer-kenia.de\/wp-content\/uploads\/2013\/05\/IMG_1011-300x200.jpg 300w, http:\/\/www.gemeinsam-fuer-kenia.de\/wp-content\/uploads\/2013\/05\/IMG_1011-1024x682.jpg 1024w, http:\/\/www.gemeinsam-fuer-kenia.de\/wp-content\/uploads\/2013\/05\/IMG_1011-450x300.jpg 450w\" sizes=\"(max-width: 300px) 100vw, 300px\" \/><\/a><\/p>\n<p style=\"text-align: justify;\">Durch gro\u00dfe Spendensummen, die unter anderem zum Bau einer K\u00fcche, Teil eines Unterrichtsraumes, Toiletten zusammenkamen, nahm das Projekt immer gr\u00f6\u00dfere Dimensionen an, Sch\u00fcler und Lehrer, einige Klassen \u00fcbernahmen Patenschaften und erm\u00f6glichen damit den Kindern der Habari Njema Hope Academy die regelm\u00e4\u00dfige Schulspeisung. Eine \u00fcberaus gro\u00dfz\u00fcgige Spende einer Wallfahrt der Bruderschaft vom Kostbaren Blut wurde durch einen Vater des Stadtgymnasiums vermittelt.<\/p>\n<p><a href=\"http:\/\/www.gemeinsam-fuer-kenia.de\/wp-content\/uploads\/2013\/05\/k-IMAG0087.jpg\"><img loading=\"lazy\" decoding=\"async\" class=\"aligncenter size-medium wp-image-1322\" src=\"http:\/\/www.gemeinsam-fuer-kenia.de\/wp-content\/uploads\/2013\/05\/k-IMAG0087-300x200.jpg\" alt=\"k-IMAG0087\" width=\"300\" height=\"200\" srcset=\"http:\/\/www.gemeinsam-fuer-kenia.de\/wp-content\/uploads\/2013\/05\/k-IMAG0087-300x200.jpg 300w, http:\/\/www.gemeinsam-fuer-kenia.de\/wp-content\/uploads\/2013\/05\/k-IMAG0087-448x300.jpg 448w, http:\/\/www.gemeinsam-fuer-kenia.de\/wp-content\/uploads\/2013\/05\/k-IMAG0087.jpg 640w\" sizes=\"(max-width: 300px) 100vw, 300px\" \/><\/a> <a href=\"http:\/\/www.gemeinsam-fuer-kenia.de\/wp-content\/uploads\/2013\/05\/k-IMG_8840.jpg\"><img loading=\"lazy\" decoding=\"async\" class=\"aligncenter size-medium wp-image-1323\" src=\"http:\/\/www.gemeinsam-fuer-kenia.de\/wp-content\/uploads\/2013\/05\/k-IMG_8840-300x199.jpg\" alt=\"k-IMG_8840\" width=\"300\" height=\"199\" srcset=\"http:\/\/www.gemeinsam-fuer-kenia.de\/wp-content\/uploads\/2013\/05\/k-IMG_8840-300x199.jpg 300w, http:\/\/www.gemeinsam-fuer-kenia.de\/wp-content\/uploads\/2013\/05\/k-IMG_8840-450x300.jpg 450w, http:\/\/www.gemeinsam-fuer-kenia.de\/wp-content\/uploads\/2013\/05\/k-IMG_8840.jpg 640w\" sizes=\"(max-width: 300px) 100vw, 300px\" \/><\/a> <a href=\"http:\/\/www.gemeinsam-fuer-kenia.de\/wp-content\/uploads\/2013\/05\/k-IMG_0979.jpg\"><img loading=\"lazy\" decoding=\"async\" class=\"aligncenter size-medium wp-image-1324\" src=\"http:\/\/www.gemeinsam-fuer-kenia.de\/wp-content\/uploads\/2013\/05\/k-IMG_0979-300x199.jpg\" alt=\"k-IMG_0979\" width=\"300\" height=\"199\" srcset=\"http:\/\/www.gemeinsam-fuer-kenia.de\/wp-content\/uploads\/2013\/05\/k-IMG_0979-300x199.jpg 300w, http:\/\/www.gemeinsam-fuer-kenia.de\/wp-content\/uploads\/2013\/05\/k-IMG_0979-450x300.jpg 450w, http:\/\/www.gemeinsam-fuer-kenia.de\/wp-content\/uploads\/2013\/05\/k-IMG_0979.jpg 640w\" sizes=\"(max-width: 300px) 100vw, 300px\" \/><\/a><\/p>\n<p style=\"text-align: justify;\">Es wurde berechtigterweise nach Spendenbescheinigungen gefragt und bei mir selbst entstand der Wunsch nach mehr Transparenz f\u00fcr alle, die uns unterst\u00fctzen. So entstand der dringende Bedarf, einen gemeinn\u00fctzigen Verein zu gr\u00fcnden, was mir mithilfe von guten Freunden, im September 2012 dann gelungen ist. Es dauerte dann allerdings noch einige Monate bis alle Beh\u00f6rden H\u00fcrden genommen waren. Aber seit 17. April 2013 sind wir beim Amtsgericht K\u00f6ln als gemeinn\u00fctziger Verein eingetragen.<\/p>\n<p style=\"text-align: justify;\"><strong>Unser gemeinsames Ziel ist:<\/strong><\/p>\n<p style=\"text-align: justify;\"><em>Kenianischen Kindern und Jugendlichen aus armen Bev\u00f6lkerungsschichten\u00a0 eine solide schulische Allgemeinbildung zu\u00a0 erm\u00f6glichen, um ihre Lebensumst\u00e4nde und Chancen in dem Entwicklungsland Kenia zu verbessern.<\/em><\/p>\n<p style=\"text-align: justify;\">Dies beinhaltet:<\/p>\n<p style=\"text-align: left;\"><strong>a.\u00a0<\/strong>\u00a0\u00a0 Sicherstellung eines schulischen Lehrangebotes nach den offiziellen kenianischen\u00a0\u00a0 Richtlinien f\u00fcr die schulische Allgemeinbildung von Kindern und Jugendlichen durch hierzu erwiesenerma\u00dfen bef\u00e4higte Lehrkr\u00e4fte.<br \/>\n<strong>b<\/strong>.\u00a0\u00a0\u00a0 Ausstattung der Sch\u00fclerinnen und Sch\u00fcler mit den f\u00fcr einen erfolgreichen Schulbesuch notwendigen Dingen wie z.B. Schuluniform, Unterrichtsb\u00fccher, Schreibmaterial.<br \/>\n<strong>c.<\/strong>\u00a0\u00a0\u00a0 Ausstattung der Schulr\u00e4ume mit dem erforderlichen Schulmobiliar wie z. B. B\u00e4nke, St\u00fchle, Tische und Tafeln.<br \/>\n<strong>d.<\/strong>\u00a0\u00a0\u00a0 Sicherstellung einer ausgewogenen Schulspeisung, die von der Ern\u00e4hrung auf die besonderen Erfordernisse von Kindern und Jugendlichen in der Wachstumsphase eingehen. Sowie Ausstattung einer hierzu entsprechenden K\u00fcche mit Personal.<br \/>\n<strong>e<\/strong>.\u00a0\u00a0\u00a0 Errichtung fester Schulgeb\u00e4ude anstelle von Wellblechh\u00fctten mit entsprechenden Sicherungen (Z\u00e4une), Anlage eines Schulgartens sowie Anlage von einfachen Spiel-und Sportanlagen auf dem Schulgel\u00e4nde.<br \/>\n<strong>f.\u00a0<\/strong>\u00a0\u00a0 medizinische Grundsicherung f\u00fcr Sch\u00fcler, die sowohl \u00e4rztliche Regeluntersuchungen, vorbeugende Ma\u00dfnahmen im WHO-Standard als auch direkte Hilfen bei akuten Erkrankungen umfasst.<br \/>\n<strong>g<\/strong>.\u00a0\u00a0\u00a0 F\u00f6rderung des Erfahrungsaustausches im Zusammenhang mit Hygiene und Umweltschutz.<br \/>\n<strong>h.<\/strong>\u00a0\u00a0\u00a0 Pers\u00f6nlichkeitsbild der Kinder und Jugendlichen im Rahmen der schulischen Lernziele pr\u00e4gen.<br \/>\n<strong>i.\u00a0<\/strong>\u00a0\u00a0 Der Verein soll zudem die Verst\u00e4ndigung zwischen V\u00f6lkern, Rassen und Religionen f\u00f6rdern.<\/p>\n","protected":false},"excerpt":{"rendered":"<p>Historie: &#8222;In Afrika erlebte ich, dass man eine Heimkehr an einen Ort erleben kann, an dem man nie zuvor gewesen ist&#8220;. Dieser Satz aus &#8222;Die fl\u00fcsternden Seelen&#8220; von Henning Mankell spricht mir aus der Seele. Als ich im Jahr 2009 &hellip; <a href=\"http:\/\/www.gemeinsam-fuer-kenia.de\/?page_id=8\">Weiterlesen <span class=\"meta-nav\">&rarr;<\/span><\/a><\/p>\n","protected":false},"author":1,"featured_media":0,"parent":0,"menu_order":10,"comment_status":"closed","ping_status":"open","template":"sidebar-page.php","meta":{"footnotes":""},"_links":{"self":[{"href":"http:\/\/www.gemeinsam-fuer-kenia.de\/index.php?rest_route=\/wp\/v2\/pages\/8"}],"collection":[{"href":"http:\/\/www.gemeinsam-fuer-kenia.de\/index.php?rest_route=\/wp\/v2\/pages"}],"about":[{"href":"http:\/\/www.gemeinsam-fuer-kenia.de\/index.php?rest_route=\/wp\/v2\/types\/page"}],"author":[{"embeddable":true,"href":"http:\/\/www.gemeinsam-fuer-kenia.de\/index.php?rest_route=\/wp\/v2\/users\/1"}],"replies":[{"embeddable":true,"href":"http:\/\/www.gemeinsam-fuer-kenia.de\/index.php?rest_route=%2Fwp%2Fv2%2Fcomments&post=8"}],"version-history":[{"count":37,"href":"http:\/\/www.gemeinsam-fuer-kenia.de\/index.php?rest_route=\/wp\/v2\/pages\/8\/revisions"}],"predecessor-version":[{"id":7963,"href":"http:\/\/www.gemeinsam-fuer-kenia.de\/index.php?rest_route=\/wp\/v2\/pages\/8\/revisions\/7963"}],"wp:attachment":[{"href":"http:\/\/www.gemeinsam-fuer-kenia.de\/index.php?rest_route=%2Fwp%2Fv2%2Fmedia&parent=8"}],"curies":[{"name":"wp","href":"https:\/\/api.w.org\/{rel}","templated":true}]}}