{"id":24,"date":"2013-05-10T11:47:27","date_gmt":"2013-05-10T09:47:27","guid":{"rendered":"http:\/\/www.gemeinsam-fuer-kenia.de\/?page_id=24"},"modified":"2020-01-24T17:09:54","modified_gmt":"2020-01-24T15:09:54","slug":"kontakt","status":"publish","type":"page","link":"http:\/\/www.gemeinsam-fuer-kenia.de\/?page_id=24","title":{"rendered":"Kontakt"},"content":{"rendered":"<p><strong>Tuko Pamoja Kenya e.V.<\/strong><\/p>\n<p>&#8211; Gemeinsam f\u00fcr Kenia &#8211;<br \/>\nVerein zur F\u00f6rderung des Schul- und Gesundheitswesens in Kenia<\/p>\n<p><strong>Sitz des Vereins: Buchfinkenweg 8\u00a0 \u00a024787 Fockbek<\/strong><\/p>\n<p>1. Vorsitzende: \u00a0Ina Wolst, Rendsburg<\/p>\n<p><strong>Buchfinkenweg 8\u00a0 \u00a0 24787 Fockbek<\/strong><\/p>\n<p><strong>Tel: 0176\/81154159\u00a0<\/strong><\/p>\n<p>Mail: keniahilfe@gmx.de<\/p>\n<p>Gr\u00fcndung: Dezember 2012 als gemeinn\u00fctziger Verein<br \/>\nRegistergericht: Amtsgericht Kiel VR 6979 KI<\/p>\n<p>Durch Beschluss der Mitgliederversammlung vom 16.04.2019 ist der Sitz des Vereins von K\u00f6ln (Amtsgericht K\u00f6ln, VR 17659 eingetragen am 17. April 2013) nach Fockbek verlegt und die Satzung ge\u00e4ndert in \u00a72 Sitz<\/p>\n","protected":false},"excerpt":{"rendered":"<p>Tuko Pamoja Kenya e.V. &#8211; Gemeinsam f\u00fcr Kenia &#8211; Verein zur F\u00f6rderung des Schul- und Gesundheitswesens in Kenia Sitz des Vereins: Buchfinkenweg 8\u00a0 \u00a024787 Fockbek 1. Vorsitzende: \u00a0Ina Wolst, Rendsburg Buchfinkenweg 8\u00a0 \u00a0 24787 Fockbek Tel: 0176\/81154159\u00a0 Mail: keniahilfe@gmx.de Gr\u00fcndung: &hellip; <a href=\"http:\/\/www.gemeinsam-fuer-kenia.de\/?page_id=24\">Weiterlesen <span class=\"meta-nav\">&rarr;<\/span><\/a><\/p>\n","protected":false},"author":1,"featured_media":0,"parent":0,"menu_order":50,"comment_status":"closed","ping_status":"open","template":"sidebar-page.php","meta":{"footnotes":""},"_links":{"self":[{"href":"http:\/\/www.gemeinsam-fuer-kenia.de\/index.php?rest_route=\/wp\/v2\/pages\/24"}],"collection":[{"href":"http:\/\/www.gemeinsam-fuer-kenia.de\/index.php?rest_route=\/wp\/v2\/pages"}],"about":[{"href":"http:\/\/www.gemeinsam-fuer-kenia.de\/index.php?rest_route=\/wp\/v2\/types\/page"}],"author":[{"embeddable":true,"href":"http:\/\/www.gemeinsam-fuer-kenia.de\/index.php?rest_route=\/wp\/v2\/users\/1"}],"replies":[{"embeddable":true,"href":"http:\/\/www.gemeinsam-fuer-kenia.de\/index.php?rest_route=%2Fwp%2Fv2%2Fcomments&post=24"}],"version-history":[{"count":18,"href":"http:\/\/www.gemeinsam-fuer-kenia.de\/index.php?rest_route=\/wp\/v2\/pages\/24\/revisions"}],"predecessor-version":[{"id":6737,"href":"http:\/\/www.gemeinsam-fuer-kenia.de\/index.php?rest_route=\/wp\/v2\/pages\/24\/revisions\/6737"}],"wp:attachment":[{"href":"http:\/\/www.gemeinsam-fuer-kenia.de\/index.php?rest_route=%2Fwp%2Fv2%2Fmedia&parent=24"}],"curies":[{"name":"wp","href":"https:\/\/api.w.org\/{rel}","templated":true}]}}