{"id":21,"date":"2013-05-17T18:58:57","date_gmt":"2013-05-17T16:58:57","guid":{"rendered":"http:\/\/www.gemeinsam-fuer-kenia.de\/?page_id=21"},"modified":"2023-01-28T21:46:31","modified_gmt":"2023-01-28T19:46:31","slug":"spendenhilfe","status":"publish","type":"page","link":"http:\/\/www.gemeinsam-fuer-kenia.de\/?page_id=21","title":{"rendered":"Spendenhilfe\/Mitgliedschaft"},"content":{"rendered":"<p><span style=\"text-decoration: underline;\"><strong>1. Spenden Sie f\u00fcr den weiteren Ausbau der Schule\/Kindergarten in Loolepo<\/strong><\/span><\/p>\n<p>Wir haben im Januar 2016, 2019 und 2020\u00a0 Brunnen f\u00fcr die Masai in Loolepo gebaut. Es werden weitere Brunnen ben\u00f6tigt.<\/p>\n<p>Bis Januar 2020 konnten sechs Klassenr\u00e4ume plus K\u00fcche und Toiletten sowie ein \u00fcberdachter Spielplatz eingeweiht werden (siehe aktuelle Projekte).<\/p>\n<p>Gern w\u00fcrden wir diese Schule weiter ausbauen, dazu ben\u00f6tigen wir pro Klassenraum ca. 10000,00\u20ac incl. Anbringung von Solarpanelen.<\/p>\n<p>Spendengelder werden nach wie vor auch hierf\u00fcr ben\u00f6tigt:<\/p>\n<ul>\n<li>Schulspeisung<\/li>\n<li>Schulb\u00fccher\/Schulmaterialien<\/li>\n<li>Schuluniformen<\/li>\n<li>Erweiterung der Solaranlage<\/li>\n<li>Schulgarten<\/li>\n<li>Schulrucks\u00e4cke<\/li>\n<li>Spielmaterialien (z.B. B\u00e4lle\/Springseile\/Federball Sets)<\/li>\n<li>Lehrerzimmer<\/li>\n<li>Schulb\u00e4nke\/Tische<\/li>\n<li>Bau eines Geburtshauses nach Fertigstellung der Krankenstation<\/li>\n<li>Bau einer Polytechnik Schule<\/li>\n<\/ul>\n<h2><span style=\"text-decoration: underline;\"><strong>2. \u00dcbernahme einer Patenschaft an der Nashipai Kindergarten &amp; Primary School Kaitoriori\/Loolepo<\/strong><\/span><\/h2>\n<p>Mit einer <strong>Patenschaft<\/strong> k\u00f6nnen Sie ein Schulkind ab sofort unterst\u00fctzen. Auf dem folgenden<em><span style=\"color: #000000;\"> Link<\/span><\/em> finden Sie den Antrag f\u00fcr eine Patenschaft: &#8211;&gt;<\/p>\n<ul>\n<li><strong><a href=\"http:\/\/www.gemeinsam-fuer-kenia.de\/wp-content\/uploads\/2013\/05\/Patenschaft-Nashipai-Kindergarten-und-Primary-School-200\u20ac.pdf\">Patenschaft Nashipai Kindergarten und Primary School 200\u20ac<\/a><\/strong><\/li>\n<\/ul>\n<p>Auf Wunsch kann ein Kontakt zu dem jeweiligen Kind\/der Familie hergestellt werden.<\/p>\n<h2><span style=\"text-decoration: underline;\"><strong>3. Zweckgebundene Einzelspenden\u00a0<\/strong><\/span><\/h2>\n<p>Sie k\u00f6nnen selbstverst\u00e4ndlich auch mit zweckgebundenen <span style=\"text-decoration: underline;\">Einzelspenden<\/span> unseren Verein tatkr\u00e4ftig unterst\u00fctzen.<\/p>\n<p><span style=\"text-decoration: underline;\"><strong>4. Mitgliedschaft\u00a0<\/strong><\/span><\/p>\n<p><span style=\"color: #000000;\">Werden Sie im <span style=\"text-decoration: underline;\">Mitglied<\/span><\/span><span style=\"color: #000000;\"> in unserem Verein, wir freuen uns \u00fcber jegliche Unterst\u00fctzung\u00a0<\/span><strong><span style=\"color: #000000;\">&#8211;&gt; ANTRAGSFORMULAR\u00a0 \u00a0<\/span><\/strong><\/p>\n<ul>\n<li><strong><span style=\"color: #000000;\"><a href=\"http:\/\/www.gemeinsam-fuer-kenia.de\/wp-content\/uploads\/2013\/05\/Beitrittserkl\u00e4rung1.pdf\">Beitrittserkl\u00e4rung<\/a>\u00a0<\/span><\/strong><\/li>\n<\/ul>\n<p>Wenn Sie spenden m\u00f6chten, bitten wir Sie, folgende Kontoverbindung zu nutzen:<\/p>\n<p><strong>Tuko Pamoja Kenya e.V.<\/strong><\/p>\n<p>Kreditinstitut: Volksbank Rhein-K\u00f6ln-Erft eG<br \/>\nIBAN: DE05370623652914129012<br \/>\nBIC: GENODED1FHH<br \/>\nSteuernummer des Vereins: 20\/294\/72325<\/p>\n<h1>Info: Einfache Spendenquittung &amp; Zuwendungsbest\u00e4tigung<\/h1>\n<p><em>Tuko Pamoja Kenya e.V.<\/em> ist vom Finanzamt Kiel als gemeinn\u00fctzige Organisation anerkannt und gem\u00e4\u00df<br \/>\n\u00a75 Abs.1 Nr.9 KStG von der K\u00f6rperschaftssteuer befreit.<br \/>\nFolglich k\u00f6nnen Sie Ihre Mitgliedsbeitr\u00e4ge sowie\u00a0Ihre Geld- und Sachspenden an unseren gemeinn\u00fctzigen Verein\u00a0gem\u00e4\u00df \u00a710b Abs.1 EStG von der Steuer absetzen.<\/p>\n<p><strong>Kleinspenden bis 200\u20ac ben\u00f6tigen nur eine \u201eeinfache Spendenquittung\u201c<\/strong><\/p>\n<p>Bei Zuwendungen <strong>bis 200\u20ac<\/strong> gen\u00fcgt bereits ein Einzahlungs- bzw. ein Buchungsbeleg Ihrer \u00dcberweisung, den Sie zusammen mit unserer \u201eeinfachen Spendenquittung\u201c Ihrem zust\u00e4ndigen Finanzamt vorlegen.<br \/>\nWichtig: Auf ihrem Buchungsbeleg m\u00fcssen Name und Konto-Nr. von Ihnen und von uns (Empf\u00e4nger), Ihr Zuwendungsbetrag sowie der Buchungstag ersichtlich sein.<\/p>\n<p><strong>Amtliche Zuwendungsbest\u00e4tigung bei Spenden \u00fcber 200\u20ac<\/strong><br \/>\nSollten Sie sich dazu entschlie\u00dfen, eine Zuwendung an uns zu t\u00e4tigen, die einen Betrag von <strong>200\u20ac \u00fcbersteigt<\/strong>, so ben\u00f6tigen Sie von unserer Seite eine amtliche Zuwendungsbest\u00e4tigung, die Sie sp\u00e4ter an Ihr Finanzamt weiterleiten.<br \/>\nDiese Zuwendungsbest\u00e4tigung bekommen Sie selbstverst\u00e4ndlich von uns per mail oder auf dem Postweg zugesandt, sobald wir Ihre Spende erhalten haben.<\/p>\n<p><strong>Einmalige und regelm\u00e4\u00dfige Spender<\/strong><br \/>\nBei regelm\u00e4\u00dfigen Geldzuwendungen (z.B. F\u00f6rderungen und Mitgliedsbeitr\u00e4ge) werden wir Ihnen zum Ende des aktuellen Jahres eine \u201eSammelbest\u00e4tigung\u201c aller Ihrer Zuwendungen ausstellen. (Selbstverst\u00e4ndlich stellen wir auf Wunsch auch einzelne Quittungen aus).<br \/>\nEinmalige Spender bekommen ab einer Zuwendung von 20\u20ac von uns automatisch eine Spendenquittung zugesendet.<\/p>\n<p><em>Bitte haben Sie daf\u00fcr Verst\u00e4ndnis, dass wir ab 2016 Spendenquittungen per E-Mail versenden, um unsere Verwaltungskosten so gering wie m\u00f6glich zu halten.<\/em><\/p>\n","protected":false},"excerpt":{"rendered":"<p>1. Spenden Sie f\u00fcr den weiteren Ausbau der Schule\/Kindergarten in Loolepo Wir haben im Januar 2016, 2019 und 2020\u00a0 Brunnen f\u00fcr die Masai in Loolepo gebaut. Es werden weitere Brunnen ben\u00f6tigt. Bis Januar 2020 konnten sechs Klassenr\u00e4ume plus K\u00fcche und &hellip; <a href=\"http:\/\/www.gemeinsam-fuer-kenia.de\/?page_id=21\">Weiterlesen <span class=\"meta-nav\">&rarr;<\/span><\/a><\/p>\n","protected":false},"author":1,"featured_media":0,"parent":0,"menu_order":30,"comment_status":"closed","ping_status":"open","template":"sidebar-page.php","meta":{"footnotes":""},"_links":{"self":[{"href":"http:\/\/www.gemeinsam-fuer-kenia.de\/index.php?rest_route=\/wp\/v2\/pages\/21"}],"collection":[{"href":"http:\/\/www.gemeinsam-fuer-kenia.de\/index.php?rest_route=\/wp\/v2\/pages"}],"about":[{"href":"http:\/\/www.gemeinsam-fuer-kenia.de\/index.php?rest_route=\/wp\/v2\/types\/page"}],"author":[{"embeddable":true,"href":"http:\/\/www.gemeinsam-fuer-kenia.de\/index.php?rest_route=\/wp\/v2\/users\/1"}],"replies":[{"embeddable":true,"href":"http:\/\/www.gemeinsam-fuer-kenia.de\/index.php?rest_route=%2Fwp%2Fv2%2Fcomments&post=21"}],"version-history":[{"count":33,"href":"http:\/\/www.gemeinsam-fuer-kenia.de\/index.php?rest_route=\/wp\/v2\/pages\/21\/revisions"}],"predecessor-version":[{"id":7967,"href":"http:\/\/www.gemeinsam-fuer-kenia.de\/index.php?rest_route=\/wp\/v2\/pages\/21\/revisions\/7967"}],"wp:attachment":[{"href":"http:\/\/www.gemeinsam-fuer-kenia.de\/index.php?rest_route=%2Fwp%2Fv2%2Fmedia&parent=21"}],"curies":[{"name":"wp","href":"https:\/\/api.w.org\/{rel}","templated":true}]}}